{"id":12859,"date":"2025-07-11T10:14:50","date_gmt":"2025-07-11T08:14:50","guid":{"rendered":"https:\/\/www.nanomesurefrance.fr\/?page_id=12859"},"modified":"2025-07-11T12:28:53","modified_gmt":"2025-07-11T10:28:53","slug":"publications-nanomesurefrance","status":"publish","type":"page","link":"https:\/\/www.nanomesurefrance.fr\/en\/publications-nanomesurefrance\/","title":{"rendered":"Publications NanoMesureFrance"},"content":{"rendered":"<div data-elementor-type=\"wp-page\" data-elementor-id=\"12859\" class=\"elementor elementor-12859\">\n\t\t\t\t\t\t\t        <div class=\"elementor-section elementor-top-section elementor-element elementor-element-36577c5 elementor-section-boxed elementor-section-height-default elementor-section-height-default cms-remove-row-no cms-section-no-padding-no cms-boxed-bg-false cms-section-boxed-divider-false cms-overlay-gradient-bg-yes cms-overlay-gradient-mode-tb\" data-id=\"36577c5\" data-element_type=\"section\">\n\t\t\n\t\t<div class=\"cms-overlay-gradient\"><\/div><div class=\"cms-section-boxed-bg\"><\/div><div class=\"cms-section-boxed-divider\"><\/div><div class=\"cms-elementor-section-remove\"><\/div><div class=\"cms-elementor-section-corner cms-elementor-section-corner-top\"><\/div><div class=\"cms-elementor-section-corner cms-elementor-section-corner-bottom\"><\/div>        <div class=\"elementor-container elementor-column-gap-default\" >\n\t\t        <div class=\"elementor-column elementor-col-100 elementor-top-column elementor-element elementor-element-205efe5\" data-id=\"205efe5\" data-element_type=\"column\">\n        <div class=\"elementor-widget-wrap elementor-element-populated\">\n                        \t\t<div class=\"elementor-element elementor-element-ab6658b elementor-widget elementor-widget-heading\" data-id=\"ab6658b\" data-element_type=\"widget\" data-widget_type=\"heading.default\">\n\t\t\t\t<div class=\"elementor-widget-container\">\n\t\t\t<h2 class=\"elementor-heading-title elementor-size-default\"><b>Vous trouverez ici les documents publi\u00e9s par l'association NanoMesureFrance<\/b><\/h2>\t\t<\/div>\n\t\t\t\t<\/div>\n\t\t        <\/div>\n        <\/div>\n        \t\t        <\/div>\n        <\/div>\n\t\t        <div class=\"elementor-section elementor-top-section elementor-element elementor-element-6b02ce6 elementor-section-boxed elementor-section-height-default elementor-section-height-default cms-remove-row-no cms-section-no-padding-no cms-boxed-bg-false cms-section-boxed-divider-false cms-overlay-gradient-bg-yes cms-overlay-gradient-mode-tb\" data-id=\"6b02ce6\" data-element_type=\"section\">\n\t\t\n\t\t<div class=\"cms-overlay-gradient\"><\/div><div class=\"cms-section-boxed-bg\"><\/div><div class=\"cms-section-boxed-divider\"><\/div><div class=\"cms-elementor-section-remove\"><\/div><div class=\"cms-elementor-section-corner cms-elementor-section-corner-top\"><\/div><div class=\"cms-elementor-section-corner cms-elementor-section-corner-bottom\"><\/div>        <div class=\"elementor-container elementor-column-gap-default\" >\n\t\t        <div class=\"elementor-column elementor-col-100 elementor-top-column elementor-element elementor-element-8cd8026\" data-id=\"8cd8026\" data-element_type=\"column\">\n        <div class=\"elementor-widget-wrap elementor-element-populated\">\n                        \t\t<div class=\"elementor-element elementor-element-c916bcb elementor-widget elementor-widget-heading\" data-id=\"c916bcb\" data-element_type=\"widget\" data-widget_type=\"heading.default\">\n\t\t\t\t<div class=\"elementor-widget-container\">\n\t\t\t<h2 class=\"elementor-heading-title elementor-size-default\">NANOMATERIALS IDENTIFICATION<\/h2>\t\t<\/div>\n\t\t\t\t<\/div>\n\t\t        <div class=\"elementor-section elementor-inner-section elementor-element elementor-element-04575d1 cms-section-boxed-divider-true elementor-section-boxed elementor-section-height-default elementor-section-height-default cms-remove-row-no cms-section-no-padding-no cms-boxed-bg-false cms-section-boxed-divider-bottom cms-section-boxed-divider-width-full cms-overlay-gradient-bg-yes cms-overlay-gradient-mode-tb\" data-id=\"04575d1\" data-element_type=\"section\" data-settings=\"{&quot;background_background&quot;:&quot;classic&quot;}\">\n\t\t\n\t\t<div class=\"cms-overlay-gradient\"><\/div><div class=\"cms-section-boxed-bg\"><\/div><div class=\"cms-section-boxed-divider\"><\/div><div class=\"cms-elementor-section-remove\"><\/div><div class=\"cms-elementor-section-corner cms-elementor-section-corner-top\"><\/div><div class=\"cms-elementor-section-corner cms-elementor-section-corner-bottom\"><\/div>        <div class=\"elementor-container elementor-column-gap-default\" >\n\t\t        <div class=\"elementor-column elementor-col-50 elementor-inner-column elementor-element elementor-element-3e32af2\" data-id=\"3e32af2\" data-element_type=\"column\">\n        <div class=\"elementor-widget-wrap elementor-element-populated\">\n                        \t\t<div class=\"elementor-element elementor-element-6e9f5ab cms-images cms-images-layout-1 elementor-widget elementor-widget-cms_images\" data-id=\"6e9f5ab\" data-element_type=\"widget\" data-widget_type=\"cms_images.default\">\n\t\t\t\t<div class=\"elementor-widget-container\">\n\t\t\t<div class=\"cms-images-wrap text-\">\n        <img decoding=\"async\" width=\"601\" height=\"783\" src=\"https:\/\/www.nanomesurefrance.fr\/wp-content\/uploads\/2025\/07\/Page-de-garde-guide-par-lexemple.jpg\" class=\"cms-single-img cms-img\" alt=\"\" srcset=\"https:\/\/www.nanomesurefrance.fr\/wp-content\/uploads\/2025\/07\/Page-de-garde-guide-par-lexemple.jpg 601w, https:\/\/www.nanomesurefrance.fr\/wp-content\/uploads\/2025\/07\/Page-de-garde-guide-par-lexemple-9x12.jpg 9w\" sizes=\"(max-width: 601px) 100vw, 601px\" \/><\/div>\t\t<\/div>\n\t\t\t\t<\/div>\n\t\t        <\/div>\n        <\/div>\n                <div class=\"elementor-column elementor-col-50 elementor-inner-column elementor-element elementor-element-b4efb87\" data-id=\"b4efb87\" data-element_type=\"column\">\n        <div class=\"elementor-widget-wrap elementor-element-populated\">\n                        \t\t<div class=\"elementor-element elementor-element-f4bf806 elementor-widget elementor-widget-heading\" data-id=\"f4bf806\" data-element_type=\"widget\" data-widget_type=\"heading.default\">\n\t\t\t\t<div class=\"elementor-widget-container\">\n\t\t\t<h2 class=\"elementor-heading-title elementor-size-default\"><p><b><span lang=\"EN-GB\" style=\"color:#1F497D;mso-ansi-language:EN-GB\">Guide par l'exemple: d<\/span><\/b>ifficult\u00e9s rencontr\u00e9es lors de l\u2019analyse dimensionnelle par microscopie \u00e9lectronique et \u00e0 force atomique de particules<\/p><\/h2>\t\t<\/div>\n\t\t\t\t<\/div>\n\t\t\t\t<div class=\"elementor-element elementor-element-55b57d3 elementor-widget elementor-widget-text-editor\" data-id=\"55b57d3\" data-element_type=\"widget\" data-widget_type=\"text-editor.default\">\n\t\t\t\t<div class=\"elementor-widget-container\">\n\t\t\t\t\t\t\t<p>T\u00e9l\u00e9charger la version synth\u00e9tique du guide version fran\u00e7aise\u00a0<a href=\"https:\/\/www.nanomesurefrance.fr\/wp-content\/uploads\/2025\/07\/NMF-Synthese_Guide_111224_FR.pdf\" target=\"_blank\" rel=\"noopener\">here<\/a>\u00a0<\/p>\t\t\t\t\t\t<\/div>\n\t\t\t\t<\/div>\n\t\t\t\t<div class=\"elementor-element elementor-element-49c9b68 elementor-widget elementor-widget-text-editor\" data-id=\"49c9b68\" data-element_type=\"widget\" data-widget_type=\"text-editor.default\">\n\t\t\t\t<div class=\"elementor-widget-container\">\n\t\t\t\t\t\t\t<p>T\u00e9l\u00e9charger la version synth\u00e9tique du guide version anglaise\u00a0<a style=\"background-color: #ffffff;\" href=\"https:\/\/www.nanomesurefrance.fr\/wp-content\/uploads\/2025\/07\/NMF-Synthese_Guide_111224_EN.pdf\" target=\"_blank\" rel=\"noopener\">here<\/a>\u00a0<\/p>\t\t\t\t\t\t<\/div>\n\t\t\t\t<\/div>\n\t\t\t\t<div class=\"elementor-element elementor-element-8561df8 elementor-widget elementor-widget-text-editor\" data-id=\"8561df8\" data-element_type=\"widget\" data-widget_type=\"text-editor.default\">\n\t\t\t\t<div class=\"elementor-widget-container\">\n\t\t\t\t\t\t\t<p>Webinaire de pr\u00e9sentation du guide sur notre <a href=\"https:\/\/www.nanomesurefrance.fr\/en\/webinaires\/\" target=\"_blank\" rel=\"noopener\">page d\u00e9di\u00e9e<\/a><\/p>\t\t\t\t\t\t<\/div>\n\t\t\t\t<\/div>\n\t\t\t\t<div class=\"elementor-element elementor-element-112c3f1 elementor-widget elementor-widget-text-editor\" data-id=\"112c3f1\" data-element_type=\"widget\" data-widget_type=\"text-editor.default\">\n\t\t\t\t<div class=\"elementor-widget-container\">\n\t\t\t\t\t\t\t<p>Pour acc\u00e9der \u00e0 la version compl\u00e8te du Guide, contactez nous: <a href=\"mailto:contact@nanomesurefrance.fr\">contact@nanomesurefrance.fr<\/a><\/p>\t\t\t\t\t\t<\/div>\n\t\t\t\t<\/div>\n\t\t        <\/div>\n        <\/div>\n        \t\t        <\/div>\n        <\/div>\n\t\t\t\t<div class=\"elementor-element elementor-element-d243b77 elementor-widget elementor-widget-heading\" data-id=\"d243b77\" data-element_type=\"widget\" data-widget_type=\"heading.default\">\n\t\t\t\t<div class=\"elementor-widget-container\">\n\t\t\t<h2 class=\"elementor-heading-title elementor-size-default\">PRESENTATION GENERALE DE NANOMESUREFRANCE<\/h2>\t\t<\/div>\n\t\t\t\t<\/div>\n\t\t        <div class=\"elementor-section elementor-inner-section elementor-element elementor-element-cddcc1e cms-section-boxed-divider-true elementor-section-boxed elementor-section-height-default elementor-section-height-default cms-remove-row-no cms-section-no-padding-no cms-boxed-bg-false cms-section-boxed-divider-bottom cms-section-boxed-divider-width-full cms-overlay-gradient-bg-yes cms-overlay-gradient-mode-tb\" data-id=\"cddcc1e\" data-element_type=\"section\" data-settings=\"{&quot;background_background&quot;:&quot;classic&quot;}\">\n\t\t\n\t\t<div class=\"cms-overlay-gradient\"><\/div><div class=\"cms-section-boxed-bg\"><\/div><div class=\"cms-section-boxed-divider\"><\/div><div class=\"cms-elementor-section-remove\"><\/div><div class=\"cms-elementor-section-corner cms-elementor-section-corner-top\"><\/div><div class=\"cms-elementor-section-corner cms-elementor-section-corner-bottom\"><\/div>        <div class=\"elementor-container elementor-column-gap-default\" >\n\t\t        <div class=\"elementor-column elementor-col-50 elementor-inner-column elementor-element elementor-element-fa82993\" data-id=\"fa82993\" data-element_type=\"column\">\n        <div class=\"elementor-widget-wrap elementor-element-populated\">\n                        \t\t<div class=\"elementor-element elementor-element-84f8996 cms-images cms-images-layout-1 elementor-widget elementor-widget-cms_images\" data-id=\"84f8996\" data-element_type=\"widget\" data-widget_type=\"cms_images.default\">\n\t\t\t\t<div class=\"elementor-widget-container\">\n\t\t\t<div class=\"cms-images-wrap text-\">\n        <img decoding=\"async\" width=\"693\" height=\"944\" src=\"https:\/\/www.nanomesurefrance.fr\/wp-content\/uploads\/2025\/07\/Presentation-NMF-par-Journal-COFRAC.jpg\" class=\"cms-single-img cms-img\" alt=\"\" srcset=\"https:\/\/www.nanomesurefrance.fr\/wp-content\/uploads\/2025\/07\/Presentation-NMF-par-Journal-COFRAC.jpg 693w, https:\/\/www.nanomesurefrance.fr\/wp-content\/uploads\/2025\/07\/Presentation-NMF-par-Journal-COFRAC-9x12.jpg 9w\" sizes=\"(max-width: 693px) 100vw, 693px\" \/><\/div>\t\t<\/div>\n\t\t\t\t<\/div>\n\t\t        <\/div>\n        <\/div>\n                <div class=\"elementor-column elementor-col-50 elementor-inner-column elementor-element elementor-element-a93f09a\" data-id=\"a93f09a\" data-element_type=\"column\">\n        <div class=\"elementor-widget-wrap elementor-element-populated\">\n                        \t\t<div class=\"elementor-element elementor-element-da420be elementor-widget elementor-widget-heading\" data-id=\"da420be\" data-element_type=\"widget\" data-widget_type=\"heading.default\">\n\t\t\t\t<div class=\"elementor-widget-container\">\n\t\t\t<h2 class=\"elementor-heading-title elementor-size-default\">Focus sur NanoMesureFrance, une initiative originale dans le domaine des nanomat\u00e9riaux<\/h2>\t\t<\/div>\n\t\t\t\t<\/div>\n\t\t\t\t<div class=\"elementor-element elementor-element-9ff7f3d elementor-widget elementor-widget-text-editor\" data-id=\"9ff7f3d\" data-element_type=\"widget\" data-widget_type=\"text-editor.default\">\n\t\t\t\t<div class=\"elementor-widget-container\">\n\t\t\t\t\t\t\t<p>Article du magazine COFRAC Comp\u00e9tences n\u00b0 96\u00a0<a href=\"https:\/\/cofrac-corporateprod-resources-files.s3.amazonaws.com\/user_upload\/cofrac\/cofrac_competences_96.pdf\" target=\"_blank\" rel=\"noopener\">here<\/a><\/p>\t\t\t\t\t\t<\/div>\n\t\t\t\t<\/div>\n\t\t        <\/div>\n        <\/div>\n        \t\t        <\/div>\n        <\/div>\n\t\t\t\t<div class=\"elementor-element elementor-element-192123a elementor-widget elementor-widget-heading\" data-id=\"192123a\" data-element_type=\"widget\" data-widget_type=\"heading.default\">\n\t\t\t\t<div class=\"elementor-widget-container\">\n\t\t\t<h2 class=\"elementor-heading-title elementor-size-default\">NANOMEDECINE<\/h2>\t\t<\/div>\n\t\t\t\t<\/div>\n\t\t        <div class=\"elementor-section elementor-inner-section elementor-element elementor-element-9083167 cms-section-boxed-divider-true elementor-section-boxed elementor-section-height-default elementor-section-height-default cms-remove-row-no cms-section-no-padding-no cms-boxed-bg-false cms-section-boxed-divider-bottom cms-section-boxed-divider-width-full cms-overlay-gradient-bg-yes cms-overlay-gradient-mode-tb\" data-id=\"9083167\" data-element_type=\"section\" data-settings=\"{&quot;background_background&quot;:&quot;classic&quot;}\">\n\t\t\n\t\t<div class=\"cms-overlay-gradient\"><\/div><div class=\"cms-section-boxed-bg\"><\/div><div class=\"cms-section-boxed-divider\"><\/div><div class=\"cms-elementor-section-remove\"><\/div><div class=\"cms-elementor-section-corner cms-elementor-section-corner-top\"><\/div><div class=\"cms-elementor-section-corner cms-elementor-section-corner-bottom\"><\/div>        <div class=\"elementor-container elementor-column-gap-default\" >\n\t\t        <div class=\"elementor-column elementor-col-50 elementor-inner-column elementor-element elementor-element-002ec65\" data-id=\"002ec65\" data-element_type=\"column\">\n        <div class=\"elementor-widget-wrap elementor-element-populated\">\n                        \t\t<div class=\"elementor-element elementor-element-92d8b60 cms-images cms-images-layout-1 elementor-widget elementor-widget-cms_images\" data-id=\"92d8b60\" data-element_type=\"widget\" data-widget_type=\"cms_images.default\">\n\t\t\t\t<div class=\"elementor-widget-container\">\n\t\t\t<div class=\"cms-images-wrap text-\">\n        <img decoding=\"async\" width=\"607\" height=\"841\" src=\"https:\/\/www.nanomesurefrance.fr\/wp-content\/uploads\/2025\/07\/Article-SFSTP-Nanomedecine.jpg\" class=\"cms-single-img cms-img\" alt=\"\" srcset=\"https:\/\/www.nanomesurefrance.fr\/wp-content\/uploads\/2025\/07\/Article-SFSTP-Nanomedecine.jpg 607w, https:\/\/www.nanomesurefrance.fr\/wp-content\/uploads\/2025\/07\/Article-SFSTP-Nanomedecine-9x12.jpg 9w\" sizes=\"(max-width: 607px) 100vw, 607px\" \/><\/div>\t\t<\/div>\n\t\t\t\t<\/div>\n\t\t        <\/div>\n        <\/div>\n                <div class=\"elementor-column elementor-col-50 elementor-inner-column elementor-element elementor-element-9dadf81\" data-id=\"9dadf81\" data-element_type=\"column\">\n        <div class=\"elementor-widget-wrap elementor-element-populated\">\n                        \t\t<div class=\"elementor-element elementor-element-0cecb80 elementor-widget elementor-widget-heading\" data-id=\"0cecb80\" data-element_type=\"widget\" data-widget_type=\"heading.default\">\n\t\t\t\t<div class=\"elementor-widget-container\">\n\t\t\t<h2 class=\"elementor-heading-title elementor-size-default\">Bridging regulatory needs and metrology support in nanomedicine: the importance\nof characterisation, accreditation and knowledge sharing<\/h2>\t\t<\/div>\n\t\t\t\t<\/div>\n\t\t\t\t<div class=\"elementor-element elementor-element-424281a elementor-widget elementor-widget-text-editor\" data-id=\"424281a\" data-element_type=\"widget\" data-widget_type=\"text-editor.default\">\n\t\t\t\t<div class=\"elementor-widget-container\">\n\t\t\t\t\t\t\t<p>More information <a href=\"https:\/\/www.sfstp.com\/catalogue\" target=\"_blank\" rel=\"noopener\">here<\/a><\/p>\t\t\t\t\t\t<\/div>\n\t\t\t\t<\/div>\n\t\t        <\/div>\n        <\/div>\n        \t\t        <\/div>\n        <\/div>\n\t\t        <div class=\"elementor-section elementor-inner-section elementor-element elementor-element-28fb57f cms-section-boxed-divider-true elementor-section-boxed elementor-section-height-default elementor-section-height-default cms-remove-row-no cms-section-no-padding-no cms-boxed-bg-false cms-section-boxed-divider-bottom cms-section-boxed-divider-width-full cms-overlay-gradient-bg-yes cms-overlay-gradient-mode-tb\" data-id=\"28fb57f\" data-element_type=\"section\" data-settings=\"{&quot;background_background&quot;:&quot;classic&quot;}\">\n\t\t\n\t\t<div class=\"cms-overlay-gradient\"><\/div><div class=\"cms-section-boxed-bg\"><\/div><div class=\"cms-section-boxed-divider\"><\/div><div class=\"cms-elementor-section-remove\"><\/div><div class=\"cms-elementor-section-corner cms-elementor-section-corner-top\"><\/div><div class=\"cms-elementor-section-corner cms-elementor-section-corner-bottom\"><\/div>        <div class=\"elementor-container elementor-column-gap-default\" >\n\t\t        <div class=\"elementor-column elementor-col-50 elementor-inner-column elementor-element elementor-element-ee1722a\" data-id=\"ee1722a\" data-element_type=\"column\">\n        <div class=\"elementor-widget-wrap elementor-element-populated\">\n                        \t\t<div class=\"elementor-element elementor-element-eb28765 cms-images cms-images-layout-1 elementor-widget elementor-widget-cms_images\" data-id=\"eb28765\" data-element_type=\"widget\" data-widget_type=\"cms_images.default\">\n\t\t\t\t<div class=\"elementor-widget-container\">\n\t\t\t<div class=\"cms-images-wrap text-\">\n        <img decoding=\"async\" width=\"680\" height=\"870\" src=\"https:\/\/www.nanomesurefrance.fr\/wp-content\/uploads\/2025\/07\/Article-Caputo-nanomedecine-1.jpg\" class=\"cms-single-img cms-img\" alt=\"\" srcset=\"https:\/\/www.nanomesurefrance.fr\/wp-content\/uploads\/2025\/07\/Article-Caputo-nanomedecine-1.jpg 680w, https:\/\/www.nanomesurefrance.fr\/wp-content\/uploads\/2025\/07\/Article-Caputo-nanomedecine-1-9x12.jpg 9w\" sizes=\"(max-width: 680px) 100vw, 680px\" \/><\/div>\t\t<\/div>\n\t\t\t\t<\/div>\n\t\t        <\/div>\n        <\/div>\n                <div class=\"elementor-column elementor-col-50 elementor-inner-column elementor-element elementor-element-0a4ea21\" data-id=\"0a4ea21\" data-element_type=\"column\">\n        <div class=\"elementor-widget-wrap elementor-element-populated\">\n                        \t\t<div class=\"elementor-element elementor-element-2cf6199 elementor-widget elementor-widget-heading\" data-id=\"2cf6199\" data-element_type=\"widget\" data-widget_type=\"heading.default\">\n\t\t\t\t<div class=\"elementor-widget-container\">\n\t\t\t<h2 class=\"elementor-heading-title elementor-size-default\">Toward an international standardisation roadmap for nanomedicine<\/h2>\t\t<\/div>\n\t\t\t\t<\/div>\n\t\t\t\t<div class=\"elementor-element elementor-element-1192566 elementor-widget elementor-widget-text-editor\" data-id=\"1192566\" data-element_type=\"widget\" data-widget_type=\"text-editor.default\">\n\t\t\t\t<div class=\"elementor-widget-container\">\n\t\t\t\t\t\t\t<p>More information <a href=\"https:\/\/doi.org\/10.1007\/s13346-024-01646-2\" target=\"_blank\" rel=\"noopener\">here<\/a><\/p>\t\t\t\t\t\t<\/div>\n\t\t\t\t<\/div>\n\t\t        <\/div>\n        <\/div>\n        \t\t        <\/div>\n        <\/div>\n\t\t        <\/div>\n        <\/div>\n        \t\t        <\/div>\n        <\/div>\n\t\t\t\t\t\t\t<\/div>\n\t\t<script type=\"text\/javascript\"> toolTips('.classtoolTips1','Il esiste plusieurs d\u00e9finition d\\'un <span class='tooltipsall tooltipsincontent classtoolTips1'>nanomat\u00e9riau<\/span>. <br\/>Selon l\\'<span class='tooltipsall tooltipsincontent classtoolTips13'>ISO<\/span> 8004-1: mat\u00e9riau ayant une dimension ext\u00e9rieure \u00e0 l\u2019\u00e9chelle nanom\u00e9trique  ou ayant une structure interne ou une structure de surface \u00e0 l\u2019\u00e9chelle nanom\u00e9trique.<br\/><br\/>Selon la recommandation de d\u00e9finition europ\u00e9enne C(2022) 3689:<br\/>On entend par \u00abnanomat\u00e9riau\u00bb un mat\u00e9riau naturel, form\u00e9 accidentellement ou manufactur\u00e9, constitu\u00e9 de particules solides qui sont pr\u00e9sentes soit individuellement soit en tant que particules constitutives identifiables dans des agr\u00e9gats ou des agglom\u00e9rats, 50 % au moins de ces particules, dans la r\u00e9partition num\u00e9rique par taille, r\u00e9pondant au moins \u00e0 l\u2019une des conditions suivantes:<br\/>(a) une ou plusieurs dimensions externes de la particule se situent dans la fourchette de 1 nm \u00e0 100 nm;<br\/>(b) la particule pr\u00e9sente une forme allong\u00e9e, telle que celle d\u2019un b\u00e2tonnet, d\u2019une fibre ou d\u2019un tube, deux dimensions externes \u00e9tant inf\u00e9rieures \u00e0 1 nm et l\u2019autre dimension sup\u00e9rieure \u00e0 100 nm;<br\/>(c) la particule pr\u00e9sente une forme de plaque, une dimension externe \u00e9tant inf\u00e9rieure \u00e0 1 nm et les autres dimensions sup\u00e9rieures \u00e0 100 nm.<br\/>Pour d\u00e9terminer la r\u00e9partition num\u00e9rique par taille des particules, il n\u2019est pas n\u00e9cessaire de prendre en consid\u00e9ration les particules ayant au moins deux dimensions externes orthogonales sup\u00e9rieures \u00e0 100 \u03bcm.<br\/>Un mat\u00e9riau pr\u00e9sentant une surface sp\u00e9cifique en volume inf\u00e9rieure \u00e0 6 m2\/cm3 n\u2019est toutefois pas consid\u00e9r\u00e9 comme un <span class='tooltipsall tooltipsincontent classtoolTips1'>nanomat\u00e9riau<\/span>.<br\/> Texte complet: https:\/\/eur-lex.europa.eu\/legal-content\/FR\/TXT\/HTML\/?uri=CELEX%3A32022H0614%2801%29'); <\/script>","protected":false},"excerpt":{"rendered":"<p>Vous trouverez ici les documents publi\u00e9s par l&rsquo;association NanoMesureFrance IDENTIFICATION DES NANOMATERIAUX Guide par l&rsquo;exemple: difficult\u00e9s rencontr\u00e9es lors de l\u2019analyse dimensionnelle par microscopie \u00e9lectronique et \u00e0 force atomique de particules T\u00e9l\u00e9charger la version synth\u00e9tique du guide version fran\u00e7aise\u00a0ici\u00a0 T\u00e9l\u00e9charger la version synth\u00e9tique du guide version anglaise\u00a0ici\u00a0 Webinaire de pr\u00e9sentation du guide sur notre page d\u00e9di\u00e9e Pour acc\u00e9der \u00e0 la version compl\u00e8te du Guide, contactez nous: contact@nanomesurefrance.fr PRESENTATION GENERALE DE NANOMESUREFRANCE Focus sur NanoMesureFrance, une initiative originale dans le domaine des nanomat\u00e9riaux Article du magazine COFRAC Comp\u00e9tences n\u00b0 96\u00a0ici NANOMEDECINE Bridging regulatory needs and metrology support in nanomedicine: the importance of characterisation, accreditation and knowledge sharing Plus d&rsquo;informations ici Toward an international standardisation roadmap for nanomedicine Plus d&rsquo;informations ici<\/p>","protected":false},"author":1,"featured_media":8408,"parent":0,"menu_order":0,"comment_status":"closed","ping_status":"closed","template":"","meta":{"footnotes":""},"class_list":["post-12859","page","type-page","status-publish","has-post-thumbnail","hentry","cms-has-post-thumbnail"],"_links":{"self":[{"href":"https:\/\/www.nanomesurefrance.fr\/en\/wp-json\/wp\/v2\/pages\/12859","targetHints":{"allow":["GET"]}}],"collection":[{"href":"https:\/\/www.nanomesurefrance.fr\/en\/wp-json\/wp\/v2\/pages"}],"about":[{"href":"https:\/\/www.nanomesurefrance.fr\/en\/wp-json\/wp\/v2\/types\/page"}],"author":[{"embeddable":true,"href":"https:\/\/www.nanomesurefrance.fr\/en\/wp-json\/wp\/v2\/users\/1"}],"replies":[{"embeddable":true,"href":"https:\/\/www.nanomesurefrance.fr\/en\/wp-json\/wp\/v2\/comments?post=12859"}],"version-history":[{"count":0,"href":"https:\/\/www.nanomesurefrance.fr\/en\/wp-json\/wp\/v2\/pages\/12859\/revisions"}],"wp:featuredmedia":[{"embeddable":true,"href":"https:\/\/www.nanomesurefrance.fr\/en\/wp-json\/wp\/v2\/media\/8408"}],"wp:attachment":[{"href":"https:\/\/www.nanomesurefrance.fr\/en\/wp-json\/wp\/v2\/media?parent=12859"}],"curies":[{"name":"wp","href":"https:\/\/api.w.org\/{rel}","templated":true}]}}